{"id":4325,"date":"2024-03-05T19:04:16","date_gmt":"2024-03-05T18:04:16","guid":{"rendered":"https:\/\/misia.fr\/recette\/geschichte\/"},"modified":"2024-04-22T19:07:01","modified_gmt":"2024-04-22T17:07:01","slug":"geschichte","status":"publish","type":"page","link":"https:\/\/misia.fr\/de\/geschichte\/","title":{"rendered":"Geschichte"},"content":{"rendered":"\t\t<div data-elementor-type=\"wp-page\" data-elementor-id=\"4325\" class=\"elementor elementor-4325 elementor-2864\">\n\t\t\t\t\t\t<section class=\"elementor-section elementor-top-section elementor-element elementor-element-ca539f0 elementor-section-stretched elementor-section-full_width elementor-section-height-default elementor-section-height-default\" data-id=\"ca539f0\" data-element_type=\"section\" data-settings=\"{&quot;stretch_section&quot;:&quot;section-stretched&quot;,&quot;background_background&quot;:&quot;classic&quot;}\">\n\t\t\t\t\t\t<div class=\"elementor-container elementor-column-gap-no\">\n\t\t\t\t\t<div class=\"elementor-column elementor-col-100 elementor-top-column elementor-element elementor-element-31ab7b0\" data-id=\"31ab7b0\" data-element_type=\"column\">\n\t\t\t<div class=\"elementor-widget-wrap\">\n\t\t\t\t\t\t\t<\/div>\n\t\t<\/div>\n\t\t\t\t\t<\/div>\n\t\t<\/section>\n\t\t<div class=\"elementor-element elementor-element-478384b e-con-full e-flex e-con e-parent\" data-id=\"478384b\" data-element_type=\"container\">\n\t\t\t\t<div class=\"elementor-element elementor-element-7019758 elementor-widget elementor-widget-slider_revolution\" data-id=\"7019758\" data-element_type=\"widget\" data-widget_type=\"slider_revolution.default\">\n\t\t\t\t<div class=\"elementor-widget-container\">\n\t\t\t\n\t\t<div class=\"wp-block-themepunch-revslider\">\n\t\t\t<!-- START video 2 DE REVOLUTION SLIDER 6.6.18 --><p class=\"rs-p-wp-fix\"><\/p>\n\t\t\t<rs-module-wrap id=\"rev_slider_13_1_wrapper\" data-source=\"gallery\" style=\"visibility:hidden;background:#222222;padding:0;background-image:url(https:\/\/misia.fr\/recette\/wp-content\/uploads\/2024\/01\/slider-video1-scaled.jpg);background-repeat:no-repeat;background-size:cover;background-position:center center;\">\n\t\t\t\t<rs-module id=\"rev_slider_13_1\" style=\"\" data-version=\"6.6.18\">\n\t\t\t\t\t<rs-slides style=\"overflow: hidden; position: absolute;\">\n\t\t\t\t\t\t<rs-slide style=\"position: absolute;\" data-key=\"rs-15\" data-title=\"Slide\" data-anim=\"ms:0ms;\" data-in=\"o:1;\" data-out=\"a:false;\">\n\t\t\t\t\t\t\t<img fetchpriority=\"high\" decoding=\"async\" src=\"\/\/misia.fr\/wp-content\/plugins\/revslider\/public\/assets\/assets\/dummy.png\" alt=\"\" title=\"FINAL_MANUFACTOR_MUTE_4.jpeg\" width=\"1920\" height=\"1080\" class=\"rev-slidebg tp-rs-img rs-lazyload\" data-lazyload=\"\/\/misia.fr\/recette\/wp-content\/uploads\/revslider\/video-media\/FINAL_MANUFACTOR_MUTE_4.jpeg\" data-parallax=\"3\" data-no-retina>\n\t\t\t\t\t\t\t<rs-bgvideo \n\t\t\t\t\t\t\t\tdata-video=\"w:100%;h:100%;nse:false;l:loopandnoslidestop;ptimer:false;vfc:true;\"\n\t\t\t\t\t\t\t\tdata-mp4=\"\/\/misia.fr\/wp-content\/uploads\/2024\/02\/FINAL_MANUFACTOR_MUTE.mp4\"\n\t\t\t\t\t\t\t><\/rs-bgvideo>\n<!--\n\t\t\t\t\t\t\t--><rs-layer\n\t\t\t\t\t\t\t\tid=\"slider-13-slide-15-layer-0\" \n\t\t\t\t\t\t\t\tdata-type=\"text\"\n\t\t\t\t\t\t\t\tdata-rsp_ch=\"on\"\n\t\t\t\t\t\t\t\tdata-xy=\"x:c;xo:0,0,0,10px;yo:110px,110px,110px,50px;\"\n\t\t\t\t\t\t\t\tdata-text=\"w:normal;s:16,16,16,14;l:25,25,25,9;a:center;\"\n\t\t\t\t\t\t\t\tdata-frame_999=\"o:0;st:w;\"\n\t\t\t\t\t\t\t\tstyle=\"z-index:8;font-family:'Montserrat';text-transform:uppercase;\"\n\t\t\t\t\t\t\t>- Sammlung 2024 - \n\t\t\t\t\t\t\t<\/rs-layer><!--\n\n\t\t\t\t\t\t\t--><a\n\t\t\t\t\t\t\t\tid=\"slider-13-slide-15-layer-2\" \n\t\t\t\t\t\t\t\tclass=\"rs-layer rev-btn\"\n\t\t\t\t\t\t\t\thref=\"https:\/\/misia.fr\/de\/shop\/\" target=\"_self\"\n\t\t\t\t\t\t\t\tdata-type=\"button\"\n\t\t\t\t\t\t\t\tdata-color=\"#000000\"\n\t\t\t\t\t\t\t\tdata-rsp_ch=\"on\"\n\t\t\t\t\t\t\t\tdata-xy=\"x:c;y:b;yo:0,0,0,-40px;\"\n\t\t\t\t\t\t\t\tdata-text=\"w:normal;s:16,16,16,14;l:32,32,32,11;fw:500;a:center;\"\n\t\t\t\t\t\t\t\tdata-dim=\"minh:0px,0px,0px,none;\"\n\t\t\t\t\t\t\t\tdata-padding=\"t:4,4,4,10;r:20,20,20,17;b:4,4,4,10;l:20,20,20,17;\"\n\t\t\t\t\t\t\t\tdata-border=\"bor:4px,4px,4px,4px;\"\n\t\t\t\t\t\t\t\tdata-frame_999=\"o:0;st:w;\"\n\t\t\t\t\t\t\t\tdata-frame_hover=\"c:#fff;bgc:#000;bor:0px,0px,0px,0px;\"\n\t\t\t\t\t\t\t\tstyle=\"z-index:9;background-color:rgba(255,255,255,1);font-family:'Montserrat';text-transform:uppercase;\"\n\t\t\t\t\t\t\t>Entdecken \n\t\t\t\t\t\t\t<\/a><!--\n-->\t\t\t\t\t\t<\/rs-slide>\n\t\t\t\t\t<\/rs-slides>\n\t\t\t\t<\/rs-module>\n\t\t\t\t<script>\n\t\t\t\t\tsetREVStartSize({c: 'rev_slider_13_1',rl:[1240,1240,1240,480],el:[868,868,868,600],gw:[1240,1240,1240,480],gh:[868,868,868,600],type:'standard',justify:'',layout:'fullscreen',offsetContainer:'',offset:'60',mh:\"0\"});if (window.RS_MODULES!==undefined && window.RS_MODULES.modules!==undefined && window.RS_MODULES.modules[\"revslider131\"]!==undefined) {window.RS_MODULES.modules[\"revslider131\"].once = false;window.revapi13 = undefined;if (window.RS_MODULES.checkMinimal!==undefined) window.RS_MODULES.checkMinimal()}\n\t\t\t\t<\/script>\n\t\t\t<\/rs-module-wrap>\n\t\t\t<!-- END REVOLUTION SLIDER -->\n<\/div>\n\n\t\t\t\t<\/div>\n\t\t\t\t<\/div>\n\t\t\t\t<\/div>\n\t\t\t\t<section class=\"elementor-section elementor-top-section elementor-element elementor-element-174b850 elementor-section-stretched elementor-section-boxed elementor-section-height-default elementor-section-height-default\" data-id=\"174b850\" data-element_type=\"section\" data-settings=\"{&quot;stretch_section&quot;:&quot;section-stretched&quot;,&quot;background_background&quot;:&quot;classic&quot;}\">\n\t\t\t\t\t\t<div class=\"elementor-container elementor-column-gap-no\">\n\t\t\t\t\t<div class=\"elementor-column elementor-col-100 elementor-top-column elementor-element elementor-element-71d6eb7 elementor-invisible\" data-id=\"71d6eb7\" data-element_type=\"column\" data-settings=\"{&quot;animation&quot;:&quot;fadeIn&quot;}\">\n\t\t\t<div class=\"elementor-widget-wrap elementor-element-populated\">\n\t\t\t\t\t\t<div class=\"elementor-element elementor-element-658b980 elementor-widget elementor-widget-heading\" data-id=\"658b980\" data-element_type=\"widget\" data-widget_type=\"heading.default\">\n\t\t\t\t<div class=\"elementor-widget-container\">\n\t\t\t<style>\/*! elementor - v3.21.0 - 15-04-2024 *\/\n.elementor-heading-title{padding:0;margin:0;line-height:1}.elementor-widget-heading .elementor-heading-title[class*=elementor-size-]>a{color:inherit;font-size:inherit;line-height:inherit}.elementor-widget-heading .elementor-heading-title.elementor-size-small{font-size:15px}.elementor-widget-heading .elementor-heading-title.elementor-size-medium{font-size:19px}.elementor-widget-heading .elementor-heading-title.elementor-size-large{font-size:29px}.elementor-widget-heading .elementor-heading-title.elementor-size-xl{font-size:39px}.elementor-widget-heading .elementor-heading-title.elementor-size-xxl{font-size:59px}<\/style><h1 class=\"elementor-heading-title elementor-size-default\">Geschichte<\/h1>\t\t<\/div>\n\t\t\t\t<\/div>\n\t\t\t\t<section class=\"elementor-section elementor-inner-section elementor-element elementor-element-26afca6 elementor-section-boxed elementor-section-height-default elementor-section-height-default\" data-id=\"26afca6\" data-element_type=\"section\">\n\t\t\t\t\t\t<div class=\"elementor-container elementor-column-gap-no\">\n\t\t\t\t\t<div class=\"elementor-column elementor-col-50 elementor-inner-column elementor-element elementor-element-13f602a\" data-id=\"13f602a\" data-element_type=\"column\">\n\t\t\t<div class=\"elementor-widget-wrap elementor-element-populated\">\n\t\t\t\t\t\t<div class=\"elementor-element elementor-element-680da46 elementor-widget elementor-widget-text-editor\" data-id=\"680da46\" data-element_type=\"widget\" data-widget_type=\"text-editor.default\">\n\t\t\t\t<div class=\"elementor-widget-container\">\n\t\t\t<style>\/*! elementor - v3.21.0 - 15-04-2024 *\/\n.elementor-widget-text-editor.elementor-drop-cap-view-stacked .elementor-drop-cap{background-color:#69727d;color:#fff}.elementor-widget-text-editor.elementor-drop-cap-view-framed .elementor-drop-cap{color:#69727d;border:3px solid;background-color:transparent}.elementor-widget-text-editor:not(.elementor-drop-cap-view-default) .elementor-drop-cap{margin-top:8px}.elementor-widget-text-editor:not(.elementor-drop-cap-view-default) .elementor-drop-cap-letter{width:1em;height:1em}.elementor-widget-text-editor .elementor-drop-cap{float:left;text-align:center;line-height:1;font-size:50px}.elementor-widget-text-editor .elementor-drop-cap-letter{display:inline-block}<\/style>\t\t\t\t<div class=\"page\" title=\"Seite 5\">\n<div class=\"section\">\n<div class=\"layoutArea\">\n<div class=\"column\">\n<p>Liebe Athleten ,<\/p>\n<p>Wir freuen uns, Ihnen die neueste Entwicklung im Bereich der hochwertigen Sportschuhe vorstellen zu k\u00f6nnen: die Marke MISIA.<\/p>\n<p>MISIA wurde speziell als Antwort auf eine bisher unbefriedigte Nachfrage auf dem Markt entwickelt und ist der Vorreiter f\u00fcr qualitativ hochwertige Sportschuhe, die den h\u00f6chsten Anspr\u00fcchen von Spitzensportlern gerecht werden. Deshalb haben wir beschlossen, eine Fu\u00dfballschuhkollektion zu entwerfen, die das Spiel ver\u00e4ndern w\u00fcrde &#8211; willkommen in der Welt von &#8220;BERSERK&#8221;.<\/p>\n<p>F\u00fcr diese erste Kollektion haben wir uns von der Welt der BERSERKERS-Krieger inspirieren lassen, den unerschrockenen K\u00e4mpfern, die ihre Wut entfesseln, um ihre Gegner zu besiegen. Dieser Schuh verk\u00f6rpert diese Kraft und Entschlossenheit durch sein Design und seine au\u00dfergew\u00f6hnliche Leistung.<\/p>\n<p>Mit dem &#8220;Architekten&#8221; und Designer Adrien WIRA, der diesem k\u00fchnen und innovativen Modell Leben eingehaucht hat, haben wir beschlossen, f\u00fcr diese erste Kollektion zusammenzuarbeiten. Sein Talent und sein Wissen im Bereich der Schuhe und des Sports erm\u00f6glichten es ihm, diesen einzigartigen Fu\u00dfballschuh zu entwerfen. Jedes Detail wurde sorgf\u00e4ltig durchdacht, um allen anspruchsvollen Sportlern ein einzigartiges Erlebnis zu garantieren.<\/p>\n<p>Um die Einzigartigkeit und Authentizit\u00e4t eines jeden Paares zu betonen, haben wir uns entschieden, sie zu nummerieren. So tragen Sie ein exklusives Produkt, das ein echtes Sammlerst\u00fcck ist.<br>Aber das ist noch nicht alles. Bei MISIA glauben wir an Qualit\u00e4t statt Quantit\u00e4t. Aus diesem Grund wird diese Kollektion in sehr begrenzter Auflage hergestellt. Jedes Paar ist das Ergebnis einer au\u00dfergew\u00f6hnlichen Handwerkskunst, bei der nur die hochwertigsten Materialien verwendet werden, um eine au\u00dfergew\u00f6hnliche Haltbarkeit und einen hohen Komfort zu gew\u00e4hrleisten.<\/p>\n<p>Wenn Sie MISIA w\u00e4hlen, entscheiden Sie sich f\u00fcr mehr als nur einen Sportschuh. Sie werden Teil einer Gemeinschaft von Elite-Athleten, die die gleichen Werte wie Exzellenz, Eleganz und Selbst\u00fcberwindung teilen.<\/p>\n<p>Bereiten Sie sich auf ein au\u00dfergew\u00f6hnliches Erlebnis mit MISIA und der Kollektion &#8220;BERSERK&#8221; vor. Wir freuen uns darauf, Ihnen ein neues Leistungsniveau zu bieten und Sie bei der Bew\u00e4ltigung Ihrer gr\u00f6\u00dften Herausforderungen zu unterst\u00fctzen.<\/p>\n<p>Warten Sie nicht l\u00e4nger, schlie\u00dfen Sie sich der MISIA-Bewegung an und geh\u00f6ren Sie zu den ersten, die diesen au\u00dfergew\u00f6hnlichen Schuh besitzen. Lassen Sie nicht zu, dass Ihr Talent durch gew\u00f6hnliche Schuhe gez\u00fcgelt wird. Entfalten Sie Ihr Potenzial mit MISIA und lassen Sie sich vom Geist der BERSERKERS-Krieger leiten.<br><br><\/p><p>Sportlich,<br>Das MISIA-Team<\/p>\n<\/div>\n<\/div>\n<\/div>\n<\/div>\t\t\t\t\t\t<\/div>\n\t\t\t\t<\/div>\n\t\t\t\t\t<\/div>\n\t\t<\/div>\n\t\t\t\t<div class=\"elementor-column elementor-col-50 elementor-inner-column elementor-element elementor-element-442c22f\" data-id=\"442c22f\" data-element_type=\"column\">\n\t\t\t<div class=\"elementor-widget-wrap elementor-element-populated\">\n\t\t\t\t\t\t<div class=\"elementor-element elementor-element-4ee4626 elementor-widget elementor-widget-image\" data-id=\"4ee4626\" data-element_type=\"widget\" data-widget_type=\"image.default\">\n\t\t\t\t<div class=\"elementor-widget-container\">\n\t\t\t<style>\/*! elementor - v3.21.0 - 15-04-2024 *\/\n.elementor-widget-image{text-align:center}.elementor-widget-image a{display:inline-block}.elementor-widget-image a img[src$=\".svg\"]{width:48px}.elementor-widget-image img{vertical-align:middle;display:inline-block}<\/style>\t\t\t\t\t\t\t\t\t\t<img decoding=\"async\" src=\"https:\/\/misia.fr\/wp-content\/uploads\/2024\/01\/histoire-misia3.jpg\" title=\"histoire-misia3\" alt=\"histoire-misia3\" class=\"elementor-animation-shrink\" loading=\"lazy\" \/>\t\t\t\t\t\t\t\t\t\t\t\t\t<\/div>\n\t\t\t\t<\/div>\n\t\t\t\t\t<\/div>\n\t\t<\/div>\n\t\t\t\t\t<\/div>\n\t\t<\/section>\n\t\t\t\t\t<\/div>\n\t\t<\/div>\n\t\t\t\t\t<\/div>\n\t\t<\/section>\n\t\t\t\t<section class=\"elementor-section elementor-top-section elementor-element elementor-element-3ac4f8b elementor-section-stretched elementor-section-boxed elementor-section-height-default elementor-section-height-default elementor-invisible\" data-id=\"3ac4f8b\" data-element_type=\"section\" data-settings=\"{&quot;stretch_section&quot;:&quot;section-stretched&quot;,&quot;background_background&quot;:&quot;classic&quot;,&quot;animation&quot;:&quot;fadeIn&quot;}\">\n\t\t\t\t\t\t<div class=\"elementor-container elementor-column-gap-no\">\n\t\t\t\t\t<div class=\"elementor-column elementor-col-25 elementor-top-column elementor-element elementor-element-77a5d2d elementor-invisible\" data-id=\"77a5d2d\" data-element_type=\"column\" data-settings=\"{&quot;animation&quot;:&quot;fadeIn&quot;}\">\n\t\t\t<div class=\"elementor-widget-wrap elementor-element-populated\">\n\t\t\t\t\t\t<div class=\"elementor-element elementor-element-14c15d0 elementor-position-top elementor-widget elementor-widget-image-box\" data-id=\"14c15d0\" data-element_type=\"widget\" data-widget_type=\"image-box.default\">\n\t\t\t\t<div class=\"elementor-widget-container\">\n\t\t\t<style>\/*! elementor - v3.21.0 - 15-04-2024 *\/\n.elementor-widget-image-box .elementor-image-box-content{width:100%}@media (min-width:768px){.elementor-widget-image-box.elementor-position-left .elementor-image-box-wrapper,.elementor-widget-image-box.elementor-position-right .elementor-image-box-wrapper{display:flex}.elementor-widget-image-box.elementor-position-right .elementor-image-box-wrapper{text-align:end;flex-direction:row-reverse}.elementor-widget-image-box.elementor-position-left .elementor-image-box-wrapper{text-align:start;flex-direction:row}.elementor-widget-image-box.elementor-position-top .elementor-image-box-img{margin:auto}.elementor-widget-image-box.elementor-vertical-align-top .elementor-image-box-wrapper{align-items:flex-start}.elementor-widget-image-box.elementor-vertical-align-middle .elementor-image-box-wrapper{align-items:center}.elementor-widget-image-box.elementor-vertical-align-bottom .elementor-image-box-wrapper{align-items:flex-end}}@media (max-width:767px){.elementor-widget-image-box .elementor-image-box-img{margin-left:auto!important;margin-right:auto!important;margin-bottom:15px}}.elementor-widget-image-box .elementor-image-box-img{display:inline-block}.elementor-widget-image-box .elementor-image-box-title a{color:inherit}.elementor-widget-image-box .elementor-image-box-wrapper{text-align:center}.elementor-widget-image-box .elementor-image-box-description{margin:0}<\/style><div class=\"elementor-image-box-wrapper\"><figure class=\"elementor-image-box-img\"><img decoding=\"async\" width=\"56\" height=\"56\" src=\"https:\/\/misia.fr\/wp-content\/uploads\/2021\/08\/Icon-5.png\" class=\"attachment-full size-full wp-image-942\" alt=\"\" \/><\/figure><div class=\"elementor-image-box-content\"><h3 class=\"elementor-image-box-title\">Einfache R\u00fcckkehr<\/h3><p class=\"elementor-image-box-description\">Folgen Sie einfach den Anweisungen f\u00fcr die R\u00fccksendung.\ndie in dem versendeten Paket enthalten sind.<\/p><\/div><\/div>\t\t<\/div>\n\t\t\t\t<\/div>\n\t\t\t\t\t<\/div>\n\t\t<\/div>\n\t\t\t\t<div class=\"elementor-column elementor-col-25 elementor-top-column elementor-element elementor-element-57b9aa3 elementor-invisible\" data-id=\"57b9aa3\" data-element_type=\"column\" data-settings=\"{&quot;animation&quot;:&quot;fadeIn&quot;}\">\n\t\t\t<div class=\"elementor-widget-wrap elementor-element-populated\">\n\t\t\t\t\t\t<div class=\"elementor-element elementor-element-51c85ac elementor-position-top elementor-widget elementor-widget-image-box\" data-id=\"51c85ac\" data-element_type=\"widget\" data-widget_type=\"image-box.default\">\n\t\t\t\t<div class=\"elementor-widget-container\">\n\t\t\t<div class=\"elementor-image-box-wrapper\"><figure class=\"elementor-image-box-img\"><img decoding=\"async\" width=\"58\" height=\"58\" src=\"https:\/\/misia.fr\/wp-content\/uploads\/2021\/08\/Icon-1-2.png\" class=\"attachment-full size-full wp-image-940\" alt=\"\" \/><\/figure><div class=\"elementor-image-box-content\"><h3 class=\"elementor-image-box-title\">Schnelle Lieferung<\/h3><p class=\"elementor-image-box-description\">Mit DHL werden Sie innerhalb von 2 bis 4 Werktagen weltweit beliefert.<\/p><\/div><\/div>\t\t<\/div>\n\t\t\t\t<\/div>\n\t\t\t\t\t<\/div>\n\t\t<\/div>\n\t\t\t\t<div class=\"elementor-column elementor-col-25 elementor-top-column elementor-element elementor-element-43a05cc elementor-invisible\" data-id=\"43a05cc\" data-element_type=\"column\" data-settings=\"{&quot;animation&quot;:&quot;fadeIn&quot;}\">\n\t\t\t<div class=\"elementor-widget-wrap elementor-element-populated\">\n\t\t\t\t\t\t<div class=\"elementor-element elementor-element-7fe7dee elementor-position-top elementor-widget elementor-widget-image-box\" data-id=\"7fe7dee\" data-element_type=\"widget\" data-widget_type=\"image-box.default\">\n\t\t\t\t<div class=\"elementor-widget-container\">\n\t\t\t<div class=\"elementor-image-box-wrapper\"><figure class=\"elementor-image-box-img\"><img loading=\"lazy\" decoding=\"async\" width=\"56\" height=\"56\" src=\"https:\/\/misia.fr\/wp-content\/uploads\/2021\/08\/Icon-2-2.png\" class=\"attachment-full size-full wp-image-941\" alt=\"\" \/><\/figure><div class=\"elementor-image-box-content\"><h3 class=\"elementor-image-box-title\">Kundenservice in Frankreich<\/h3><p class=\"elementor-image-box-description\">Ein Berater wird Sie zur\u00fcckrufen und alle Ihre Fragen beantworten, falls erforderlich.<\/p><\/div><\/div>\t\t<\/div>\n\t\t\t\t<\/div>\n\t\t\t\t\t<\/div>\n\t\t<\/div>\n\t\t\t\t<div class=\"elementor-column elementor-col-25 elementor-top-column elementor-element elementor-element-11ba1e0 elementor-invisible\" data-id=\"11ba1e0\" data-element_type=\"column\" data-settings=\"{&quot;animation&quot;:&quot;fadeIn&quot;}\">\n\t\t\t<div class=\"elementor-widget-wrap elementor-element-populated\">\n\t\t\t\t\t\t<div class=\"elementor-element elementor-element-a35f826 elementor-position-top elementor-widget elementor-widget-image-box\" data-id=\"a35f826\" data-element_type=\"widget\" data-widget_type=\"image-box.default\">\n\t\t\t\t<div class=\"elementor-widget-container\">\n\t\t\t<div class=\"elementor-image-box-wrapper\"><figure class=\"elementor-image-box-img\"><img loading=\"lazy\" decoding=\"async\" width=\"56\" height=\"56\" src=\"https:\/\/misia.fr\/wp-content\/uploads\/2021\/08\/Group.png\" class=\"attachment-full size-full wp-image-939\" alt=\"\" \/><\/figure><div class=\"elementor-image-box-content\"><h3 class=\"elementor-image-box-title\">Sichere Zahlung<\/h3><p class=\"elementor-image-box-description\">Nutzung aller unserer Zahlungsm\u00f6glichkeiten\nsicher und gesch\u00fctzt sein, ohne sich Sorgen machen zu m\u00fcssen.<\/p><\/div><\/div>\t\t<\/div>\n\t\t\t\t<\/div>\n\t\t\t\t\t<\/div>\n\t\t<\/div>\n\t\t\t\t\t<\/div>\n\t\t<\/section>\n\t\t\t\t<\/div>\n\t\t","protected":false},"excerpt":{"rendered":"<p>Geschichte Liebe Athleten , Wir freuen uns, Ihnen die neueste Entwicklung im Bereich der hochwertigen Sportschuhe vorstellen zu k\u00f6nnen: die Marke MISIA. MISIA wurde speziell&#8230;<\/p>\n","protected":false},"author":1,"featured_media":0,"parent":0,"menu_order":0,"comment_status":"closed","ping_status":"closed","template":"","meta":{"footnotes":""},"class_list":["post-4325","page","type-page","status-publish","hentry"],"_links":{"self":[{"href":"https:\/\/misia.fr\/de\/wp-json\/wp\/v2\/pages\/4325","targetHints":{"allow":["GET"]}}],"collection":[{"href":"https:\/\/misia.fr\/de\/wp-json\/wp\/v2\/pages"}],"about":[{"href":"https:\/\/misia.fr\/de\/wp-json\/wp\/v2\/types\/page"}],"author":[{"embeddable":true,"href":"https:\/\/misia.fr\/de\/wp-json\/wp\/v2\/users\/1"}],"replies":[{"embeddable":true,"href":"https:\/\/misia.fr\/de\/wp-json\/wp\/v2\/comments?post=4325"}],"version-history":[{"count":6,"href":"https:\/\/misia.fr\/de\/wp-json\/wp\/v2\/pages\/4325\/revisions"}],"predecessor-version":[{"id":4571,"href":"https:\/\/misia.fr\/de\/wp-json\/wp\/v2\/pages\/4325\/revisions\/4571"}],"wp:attachment":[{"href":"https:\/\/misia.fr\/de\/wp-json\/wp\/v2\/media?parent=4325"}],"curies":[{"name":"wp","href":"https:\/\/api.w.org\/{rel}","templated":true}]}}