{"id":4285,"date":"2024-02-05T10:26:21","date_gmt":"2024-02-05T09:26:21","guid":{"rendered":"https:\/\/misia.fr\/recette\/rechtliche-hinweise\/"},"modified":"2024-04-18T15:32:17","modified_gmt":"2024-04-18T13:32:17","slug":"rechtliche-hinweise","status":"publish","type":"page","link":"https:\/\/misia.fr\/de\/rechtliche-hinweise\/","title":{"rendered":"Rechtliche Hinweise"},"content":{"rendered":"\t\t<div data-elementor-type=\"wp-page\" data-elementor-id=\"4285\" class=\"elementor elementor-4285 elementor-2473\">\n\t\t\t\t\t\t<section class=\"elementor-section elementor-top-section elementor-element elementor-element-c5d9e9b elementor-section-content-middle elementor-section-boxed elementor-section-height-default elementor-section-height-default\" data-id=\"c5d9e9b\" data-element_type=\"section\">\n\t\t\t\t\t\t<div class=\"elementor-container elementor-column-gap-no\">\n\t\t\t\t\t<div class=\"elementor-column elementor-col-100 elementor-top-column elementor-element elementor-element-8401cca\" data-id=\"8401cca\" data-element_type=\"column\" data-settings=\"{&quot;animation&quot;:&quot;none&quot;}\">\n\t\t\t<div class=\"elementor-widget-wrap elementor-element-populated\">\n\t\t\t\t\t\t<div class=\"elementor-element elementor-element-7856a2a elementor-widget elementor-widget-heading\" data-id=\"7856a2a\" data-element_type=\"widget\" data-widget_type=\"heading.default\">\n\t\t\t\t<div class=\"elementor-widget-container\">\n\t\t\t<style>\/*! elementor - v3.21.0 - 15-04-2024 *\/\n.elementor-heading-title{padding:0;margin:0;line-height:1}.elementor-widget-heading .elementor-heading-title[class*=elementor-size-]>a{color:inherit;font-size:inherit;line-height:inherit}.elementor-widget-heading .elementor-heading-title.elementor-size-small{font-size:15px}.elementor-widget-heading .elementor-heading-title.elementor-size-medium{font-size:19px}.elementor-widget-heading .elementor-heading-title.elementor-size-large{font-size:29px}.elementor-widget-heading .elementor-heading-title.elementor-size-xl{font-size:39px}.elementor-widget-heading .elementor-heading-title.elementor-size-xxl{font-size:59px}<\/style><h2 class=\"elementor-heading-title elementor-size-default\">VERLAGSWESEN \/ UNTERKUNFT<\/h2>\t\t<\/div>\n\t\t\t\t<\/div>\n\t\t\t\t<div class=\"elementor-element elementor-element-edbb863 elementor-widget elementor-widget-text-editor\" data-id=\"edbb863\" data-element_type=\"widget\" data-widget_type=\"text-editor.default\">\n\t\t\t\t<div class=\"elementor-widget-container\">\n\t\t\t<style>\/*! elementor - v3.21.0 - 15-04-2024 *\/\n.elementor-widget-text-editor.elementor-drop-cap-view-stacked .elementor-drop-cap{background-color:#69727d;color:#fff}.elementor-widget-text-editor.elementor-drop-cap-view-framed .elementor-drop-cap{color:#69727d;border:3px solid;background-color:transparent}.elementor-widget-text-editor:not(.elementor-drop-cap-view-default) .elementor-drop-cap{margin-top:8px}.elementor-widget-text-editor:not(.elementor-drop-cap-view-default) .elementor-drop-cap-letter{width:1em;height:1em}.elementor-widget-text-editor .elementor-drop-cap{float:left;text-align:center;line-height:1;font-size:50px}.elementor-widget-text-editor .elementor-drop-cap-letter{display:inline-block}<\/style>\t\t\t\t<p>Die Website www.misia.fr wird von MEKKI Ikhlef herausgegeben.<\/p>\n<p>GMBH IM GROUPE SIRET 82275181400028<br \/>MWST.-NR.: FR50822751814<br \/>Handelsregister-Nr.: Belfort 822 751 814<\/p>\n<p>Eingetragener Sitz: 5 ter Avenue Wilson 90000 BELFORT<br \/>Leiter der Ver\u00f6ffentlichung: <a href=\"mailto:mekki.ikhlef@misia.com\">Mekki Ikhlef<\/a><\/p>\n<p>Die Website www.misia.com wird von OVH Groupe gehostet.<\/p>\n<p>SAS mit einem Kapital von 10.000.000 \u20ac RCS Roubaix &#8211; Tourcoing 424 761 419 00045 Code APE 6202A<br \/>MWST.-NR.: FR 22 424 761 419<br \/>Eingetragener Sitz: 2 rue Kellermann 59100 Roubaix &#8211; Frankreich.<\/p>\n\t\t\t\t\t\t<\/div>\n\t\t\t\t<\/div>\n\t\t\t\t\t<\/div>\n\t\t<\/div>\n\t\t\t\t\t<\/div>\n\t\t<\/section>\n\t\t\t\t<section class=\"elementor-section elementor-top-section elementor-element elementor-element-eb8a907 elementor-section-content-middle elementor-section-boxed elementor-section-height-default elementor-section-height-default\" data-id=\"eb8a907\" data-element_type=\"section\">\n\t\t\t\t\t\t<div class=\"elementor-container elementor-column-gap-no\">\n\t\t\t\t\t<div class=\"elementor-column elementor-col-100 elementor-top-column elementor-element elementor-element-740edf9\" data-id=\"740edf9\" data-element_type=\"column\" data-settings=\"{&quot;animation&quot;:&quot;none&quot;}\">\n\t\t\t<div class=\"elementor-widget-wrap elementor-element-populated\">\n\t\t\t\t\t\t<div class=\"elementor-element elementor-element-3cefa59 elementor-widget elementor-widget-heading\" data-id=\"3cefa59\" data-element_type=\"widget\" data-widget_type=\"heading.default\">\n\t\t\t\t<div class=\"elementor-widget-container\">\n\t\t\t<h2 class=\"elementor-heading-title elementor-size-default\">EIGENTUM \/ DATEN<\/h2>\t\t<\/div>\n\t\t\t\t<\/div>\n\t\t\t\t<div class=\"elementor-element elementor-element-8268129 elementor-widget elementor-widget-text-editor\" data-id=\"8268129\" data-element_type=\"widget\" data-widget_type=\"text-editor.default\">\n\t\t\t\t<div class=\"elementor-widget-container\">\n\t\t\t\t\t\t\t<h4>Geistiges Eigentum<\/h4>\n<p>Mekki Ikhlef bleibt als Eigent\u00fcmer der Website der Inhaber aller geistigen Eigentumsrechte an der Website und der damit verbundenen Nutzungsrechte gem\u00e4\u00df der geltenden franz\u00f6sischen Gesetzgebung. Sofern nicht ausdr\u00fccklich anders angegeben, ist es verboten, die gesamte Website oder Teile davon, einschlie\u00dflich der ikonografischen und fotografischen Dokumente, ohne die vorherige schriftliche Genehmigung von Mekki Ikhlef zu vervielf\u00e4ltigen, zu \u00e4ndern, zu \u00fcbertragen und zu ver\u00f6ffentlichen.<\/p>\n<\/p>\n<h4>Pers\u00f6nliche Daten<\/h4>\n<p>Die auf dieser Website gesammelten pers\u00f6nlichen Daten werden ausschlie\u00dflich von Mekki Ikhlef verwendet, um die Benutzer der Website zufrieden zu stellen. Gem\u00e4\u00df dem franz\u00f6sischen Datenschutzgesetz hat der Nutzer das Recht, auf die ihn betreffenden Daten zuzugreifen, sie zu \u00e4ndern, zu berichtigen und zu l\u00f6schen (Artikel 34 des franz\u00f6sischen Datenschutzgesetzes vom 6. Januar 1978).<\/p>\n\t\t\t\t\t\t<\/div>\n\t\t\t\t<\/div>\n\t\t\t\t\t<\/div>\n\t\t<\/div>\n\t\t\t\t\t<\/div>\n\t\t<\/section>\n\t\t\t\t<\/div>\n\t\t","protected":false},"excerpt":{"rendered":"<p>VERLAGSWESEN \/ UNTERKUNFT Die Website www.misia.fr wird von MEKKI Ikhlef herausgegeben. GMBH IM GROUPE SIRET 82275181400028MWST.-NR.: FR50822751814Handelsregister-Nr.: Belfort 822 751 814 Eingetragener Sitz: 5 ter&#8230;<\/p>\n","protected":false},"author":1,"featured_media":0,"parent":0,"menu_order":0,"comment_status":"closed","ping_status":"closed","template":"","meta":{"footnotes":""},"class_list":["post-4285","page","type-page","status-publish","hentry"],"_links":{"self":[{"href":"https:\/\/misia.fr\/de\/wp-json\/wp\/v2\/pages\/4285","targetHints":{"allow":["GET"]}}],"collection":[{"href":"https:\/\/misia.fr\/de\/wp-json\/wp\/v2\/pages"}],"about":[{"href":"https:\/\/misia.fr\/de\/wp-json\/wp\/v2\/types\/page"}],"author":[{"embeddable":true,"href":"https:\/\/misia.fr\/de\/wp-json\/wp\/v2\/users\/1"}],"replies":[{"embeddable":true,"href":"https:\/\/misia.fr\/de\/wp-json\/wp\/v2\/comments?post=4285"}],"version-history":[{"count":3,"href":"https:\/\/misia.fr\/de\/wp-json\/wp\/v2\/pages\/4285\/revisions"}],"predecessor-version":[{"id":4292,"href":"https:\/\/misia.fr\/de\/wp-json\/wp\/v2\/pages\/4285\/revisions\/4292"}],"wp:attachment":[{"href":"https:\/\/misia.fr\/de\/wp-json\/wp\/v2\/media?parent=4285"}],"curies":[{"name":"wp","href":"https:\/\/api.w.org\/{rel}","templated":true}]}}